{"id":71992,"date":"2023-07-06T12:38:36","date_gmt":"2023-07-06T12:38:36","guid":{"rendered":"https:\/\/fullment.es\/rechtliche-warnung\/"},"modified":"2023-10-25T09:22:50","modified_gmt":"2023-10-25T09:22:50","slug":"rechtliche-warnung","status":"publish","type":"page","link":"https:\/\/fullment.es\/de\/rechtliche-warnung\/","title":{"rendered":"Rechtliche Warnung"},"content":{"rendered":"<p>[et_pb_section fb_built=&#8220;1&#8243; custom_padding_last_edited=&#8220;on|phone&#8220; admin_label=&#8220;Hero Contacto&#8220; _builder_version=&#8220;4.20.4&#8243; background_color=&#8220;#003349&#8243; background_enable_image=&#8220;off&#8220; background_blend=&#8220;multiply&#8220; custom_margin=&#8220;||||false&#8220; custom_padding=&#8220;10vh||10vh||false|false&#8220; custom_padding_tablet=&#8220;25vh||10vh||false|false&#8220; custom_padding_phone=&#8220;20vh||10vh||false|false&#8220; global_colors_info=&#8220;{}&#8220;][et_pb_row admin_label=&#8220;Contenido Hero&#8220; _builder_version=&#8220;4.20.4&#8243; collapsed=&#8220;off&#8220; global_colors_info=&#8220;{}&#8220;][et_pb_column type=&#8220;4_4&#8243; _builder_version=&#8220;4.16&#8243; custom_padding=&#8220;|||&#8220; global_colors_info=&#8220;{}&#8220; custom_padding__hover=&#8220;|||&#8220;][et_pb_text admin_label=&#8220;Titular h3&#8243; _builder_version=&#8220;4.20.4&#8243; text_font=&#8220;||||||||&#8220; header_font=&#8220;Poppins|700||on|||||&#8220; header_text_color=&#8220;#ffffff&#8220; header_font_size=&#8220;40px&#8220; header_line_height=&#8220;1.4em&#8220; header_3_font=&#8220;|700|||||||&#8220; background_layout=&#8220;dark&#8220; max_width=&#8220;800px&#8220; custom_margin=&#8220;||0px|&#8220; custom_padding=&#8220;13px||0px|22px|false|false&#8220; text_font_size_tablet=&#8220;14px&#8220; text_font_size_last_edited=&#8220;off|desktop&#8220; header_font_size_tablet=&#8220;44px&#8220; header_font_size_phone=&#8220;32px&#8220; header_font_size_last_edited=&#8220;on|phone&#8220; header_3_font_size_tablet=&#8220;18px&#8220; header_3_font_size_phone=&#8220;14px&#8220; header_3_font_size_last_edited=&#8220;on|phone&#8220; border_color_all=&#8220;#ffb400&#8243; border_width_left=&#8220;3px&#8220; border_color_left=&#8220;#A57234&#8243; global_colors_info=&#8220;{}&#8220;]<\/p>\n<h3>Legal<\/h3>\n<p>[\/et_pb_text][et_pb_text admin_label=&#8220;Titular h1&#8243; _builder_version=&#8220;4.20.4&#8243; text_font=&#8220;Roboto|300|||||||&#8220; text_text_color=&#8220;#ffffff&#8220; text_font_size=&#8220;18px&#8220; text_line_height=&#8220;1.8em&#8220; header_font=&#8220;Krona One||||||||&#8220; header_font_size=&#8220;32px&#8220; header_line_height=&#8220;1.4em&#8220; background_layout=&#8220;dark&#8220; custom_margin=&#8220;|||&#8220; custom_padding=&#8220;20px||20px||true&#8220; text_font_size_tablet=&#8220;18px&#8220; text_font_size_phone=&#8220;&#8220; text_font_size_last_edited=&#8220;on|phone&#8220; header_font_size_tablet=&#8220;28px&#8220; header_font_size_phone=&#8220;24px&#8220; header_font_size_last_edited=&#8220;on|phone&#8220; global_colors_info=&#8220;{}&#8220;]<\/p>\n<h1>RECHTLICHER HINWEIS<\/h1>\n<p>[\/et_pb_text][et_pb_button button_url=&#8220;#Descubre&#8220; button_text=&#8220;ENTDECKEN&#8220; button_alignment=&#8220;left&#8220; admin_label=&#8220;Bot\u00f3n %22Descubre%22&#8243; _builder_version=&#8220;4.20.4&#8243; custom_button=&#8220;on&#8220; button_text_size=&#8220;16px&#8220; button_text_color=&#8220;#FFFFFF&#8220; button_bg_color=&#8220;#A57234&#8243; button_border_color=&#8220;#A57234&#8243; button_border_radius=&#8220;0px&#8220; button_font=&#8220;Krona One||||||||&#8220; button_icon=&#8220;&#x22;||divi||400&#8243; button_icon_color=&#8220;#FFFFFF&#8220; button_on_hover=&#8220;off&#8220; custom_padding=&#8220;18px|50px|18px|40px|false|false&#8220; global_colors_info=&#8220;{}&#8220; button_bg_color__hover_enabled=&#8220;on&#8220; button_bg_color__hover=&#8220;#003349&#8243; button_letter_spacing__hover_enabled=&#8220;on&#8220; button_letter_spacing__hover=&#8220;2px&#8220; button_border_color__hover_enabled=&#8220;on|hover&#8220; button_border_color__hover=&#8220;#003349&#8243; button_text_color__hover_enabled=&#8220;on&#8220; button_text_color__hover=&#8220;#FFFFFF&#8220; button_bg_enable_color__hover=&#8220;on&#8220;][\/et_pb_button][\/et_pb_column][\/et_pb_row][\/et_pb_section][et_pb_section fb_built=&#8220;1&#8243; admin_label=&#8220;Contacto &#8220; module_id=&#8220;Descubre&#8220; _builder_version=&#8220;4.20.4&#8243; _module_preset=&#8220;default&#8220; background_image=&#8220;https:\/\/fullment.es\/wp-content\/uploads\/2023\/07\/Fullment_isotipo_Background_15_1024.png&#8220; background_size=&#8220;initial&#8220; background_position=&#8220;center_right&#8220; custom_padding=&#8220;80px||0px||false|false&#8220; global_colors_info=&#8220;{}&#8220;][et_pb_row admin_label=&#8220;Hero Formulario&#8220; _builder_version=&#8220;4.20.4&#8243; _module_preset=&#8220;default&#8220; width_tablet=&#8220;&#8220; width_phone=&#8220;90%&#8220; width_last_edited=&#8220;on|phone&#8220; locked=&#8220;off&#8220; collapsed=&#8220;off&#8220; global_colors_info=&#8220;{}&#8220;][et_pb_column type=&#8220;4_4&#8243; _builder_version=&#8220;4.20.4&#8243; _module_preset=&#8220;default&#8220; global_colors_info=&#8220;{}&#8220;][et_pb_text _builder_version=&#8220;4.20.4&#8243; _module_preset=&#8220;default&#8220; header_2_font=&#8220;Krona One|||on|||||&#8220; header_2_text_color=&#8220;#A57234&#8243; header_2_font_size=&#8220;28px&#8220; header_2_line_height=&#8220;1.2em&#8220; header_2_font_size_tablet=&#8220;24px&#8220; header_2_font_size_phone=&#8220;20px&#8220; header_2_font_size_last_edited=&#8220;on|desktop&#8220; global_colors_info=&#8220;{}&#8220;]<\/p>\n<h2>Bitte lesen Sie unsere <strong>&#8222;RECHTLICHEN HINWEISE&#8220;<\/strong> sorgf\u00e4ltig durch, damit Sie eine bessere Benutzererfahrung haben.<\/h2>\n<p>[\/et_pb_text][et_pb_text admin_label=&#8220;Body Copy&#8220; _builder_version=&#8220;4.20.4&#8243; _module_preset=&#8220;default&#8220; text_font=&#8220;gill-sans||||||||&#8220; text_text_color=&#8220;#003349&#8243; text_font_size=&#8220;20px&#8220; text_line_height=&#8220;1.4em&#8220; header_2_font=&#8220;Krona One||||||||&#8220; header_2_text_color=&#8220;#003349&#8243; header_3_font=&#8220;Krona One|||on|||||&#8220; header_3_text_color=&#8220;#003349&#8243; header_3_font_size=&#8220;24px&#8220; max_width=&#8220;1024px&#8220; module_alignment=&#8220;left&#8220; header_3_font_size_tablet=&#8220;22px&#8220; header_3_font_size_phone=&#8220;18px&#8220; header_3_font_size_last_edited=&#8220;on|phone&#8220; global_colors_info=&#8220;{}&#8220;]<\/p>\n<div>\n<h3>Geistiges und gewerbliches Eigentum<\/h3>\n<p>Das Design des Portals und seine Quellcodes sowie die darin erscheinenden Logos, Marken und anderen Unterscheidungszeichen sind Eigentum von (<strong>GESTI\u00d3N DE PROYECTOS FULLMENT SL<\/strong>) und sind durch die entsprechenden geistigen und gewerblichen Eigentumsrechte gesch\u00fctzt.<\/p>\n<h3>Inhaltliche Verantwortung<\/h3>\n<p><strong>GESTI\u00d3N DE PROYECTOS FULLMENT SL<\/strong> CIF\/NIF B16620460 ist nicht verantwortlich f\u00fcr die Rechtm\u00e4\u00dfigkeit anderer Websites Dritter, von denen aus auf das Portal zugegriffen werden kann. Sie ist auch nicht verantwortlich f\u00fcr die Rechtm\u00e4\u00dfigkeit anderer Websites Dritter, die von diesem Portal aus verlinkt oder verlinkt werden.<\/p>\n<p><strong>GESTI\u00d3N DE PROYECTOS FULLMENT SL<\/strong> CIF\/NIF B16620460 \u00fcbernimmt keine Verantwortung f\u00fcr die Nutzung der auf dem Portal ver\u00f6ffentlichten Informationen durch Dritte, noch f\u00fcr erlittene Sch\u00e4den oder wirtschaftliche Verluste, die sie direkt oder indirekt verursachen oder verursachen k\u00f6nnten<\/p>\n<h3>Inhalte abspielen<\/h3>\n<p>Gem\u00e4\u00df den Bestimmungen des Gesetzes \u00fcber geistiges Eigentum ist die Vervielf\u00e4ltigung, Verbreitung und \u00f6ffentliche Kommunikation aller oder eines Teils der Inhalte dieser Website f\u00fcr kommerzielle Zwecke auf jedem Medium und mit allen technischen Mitteln ohne die Genehmigung von <strong>GESTI\u00d3N DE PROYECTOS FULLMENT SL.<\/strong><\/p>\n<h3>Anwendbares Recht<\/h3>\n<p><strong>GESTI\u00d3N DE PROYECTOS FULLMENT SL<\/strong> CIF\/NIF B16620460 beh\u00e4lt sich das Recht vor, zivil- oder strafrechtliche Schritte einzuleiten, die es f\u00fcr notwendig erachtet, wenn die Website und deren Inhalte missbr\u00e4uchlich genutzt werden oder diese Bedingungen nicht eingehalten werden.<\/p>\n<p>Die Beziehung zwischen dem Nutzer und <strong>GESTI\u00d3N DE PROYECTOS FULLMENT SL<\/strong> CIF\/NIF B16620460 unterliegt den im jeweiligen Staatsgebiet geltenden und anwendbaren Vorschriften. Sollte es zu Meinungsverschiedenheiten in Bezug auf die Auslegung und\/oder Anwendung dieser Bedingungen kommen, werden die Parteien die Konflikte der ordentlichen Gerichtsbarkeit unterwerfen und sie gem\u00e4\u00df dem Gesetz den entsprechenden Richtern und Gerichten unterbreiten.<\/p>\n<p>Ebenso informieren wir Sie dar\u00fcber, dass es ein kostenloses au\u00dfergerichtliches Streitbeilegungsverfahren gibt, das allen B\u00fcrgern zug\u00e4nglich ist. Es handelt sich um die Online-Streitbeilegungsplattform der Europ\u00e4ischen Union, die \u00fcber den folgenden Link zug\u00e4nglich ist: https:\/\/ec.europa.eu\/consumers\/odr\/ main\/?event=main.home2.show.<\/p>\n<h3>Kekse<\/h3>\n<p>Im Falle der Verwendung der \u201eCookie\u201c-Technologie auf der Website gibt es einen speziellen Abschnitt, der Sie \u00fcber deren Existenz und deren Verwendungsrichtlinien informiert. Siehe Abschnitt \u201e<a href=\"https:\/\/fullment.es\/politica-de-cookies\/\">Cookie-Richtlinie\u201c<\/a>.<\/p>\n<p>Ansonsten werden keine Navigationscookies verwendet<\/p>\n<h3>Pers\u00f6nliche Daten von Minderj\u00e4hrigen<\/h3>\n<p>Diese Website richtet sich nicht an minderj\u00e4hrige Benutzer. Wenn Sie minderj\u00e4hrig sind, versuchen Sie bitte nicht, sich als Benutzer zu registrieren. Wenn wir feststellen, dass wir f\u00e4lschlicherweise personenbezogene Daten von einem Minderj\u00e4hrigen erhalten haben, werden wir diese Informationen so schnell wie m\u00f6glich l\u00f6schen.<\/p>\n<h3>Aus\u00fcbung der Datenschutzrechte<\/h3>\n<p>Gem\u00e4\u00df den durch die geltenden Vorschriften zum Schutz personenbezogener Daten gew\u00e4hrten Rechten kann der Nutzer das Recht auf Zugang, Berichtigung, Einschr\u00e4nkung der Verarbeitung, L\u00f6schung, \u00dcbertragbarkeit und Widerspruch gegen die Verarbeitung seiner Daten aus\u00fcben, indem er seinen Antrag an die angegebene Postadresse richtet Adresse oder an die E-Mail OFICINATECNICA@FULLMENT.ES.<\/p>\n<p>Zur Aus\u00fcbung Ihrer Rechte m\u00fcssen Sie sich durch Vorlage Ihres Personalausweises ausweisen.<\/p>\n<p>F\u00fcr etwaige Anspr\u00fcche k\u00f6nnen Sie sich an die angegebene E-Mail-Adresse wenden. Sie k\u00f6nnen sich auch an die<strong> spanische Datenschutzbeh\u00f6rde wenden<\/strong><span style=\"color: #666666; font-size: 14px;\">: <\/span><a style=\"font-size: 14px;\" href=\"http:\/\/www.aepd.es\">www.aepd.es<\/a><\/p>\n<\/div>\n<p>[\/et_pb_text][\/et_pb_column][\/et_pb_row][\/et_pb_section][et_pb_section fb_built=&#8220;1&#8243; admin_label=&#8220;Logos Kit Digital&#8220; _builder_version=&#8220;4.20.4&#8243; _module_preset=&#8220;default&#8220; custom_padding=&#8220;10px||10px||true|false&#8220; border_width_top=&#8220;0.5px&#8220; border_color_top=&#8220;rgba(0,51,73,0.2)&#8220; locked=&#8220;off&#8220; collapsed=&#8220;on&#8220; global_colors_info=&#8220;{}&#8220;][et_pb_row _builder_version=&#8220;4.20.4&#8243; _module_preset=&#8220;default&#8220; global_colors_info=&#8220;{}&#8220;][et_pb_column type=&#8220;4_4&#8243; _builder_version=&#8220;4.20.4&#8243; _module_preset=&#8220;default&#8220; global_colors_info=&#8220;{}&#8220;][et_pb_image src=&#8220;https:\/\/fullment.es\/wp-content\/uploads\/2023\/07\/Logo_digitalizadores_Kit_Digital_2023.webp&#8220; alt=&#8220;Digitalizadores Kit Digital 2023&#8243; title_text=&#8220;Digitalizadores Kit Digital 2023&#8243; _builder_version=&#8220;4.20.4&#8243; _module_preset=&#8220;default&#8220; global_colors_info=&#8220;{}&#8220;][\/et_pb_image][\/et_pb_column][\/et_pb_row][\/et_pb_section][et_pb_section fb_built=&#8220;1&#8243; admin_label=&#8220;BNN Contacto Home&#8220; _builder_version=&#8220;4.20.4&#8243; _module_preset=&#8220;default&#8220; background_color=&#8220;#003349&#8243; custom_padding=&#8220;120px||0px||false|false&#8220; border_width_bottom=&#8220;0.5px&#8220; border_color_bottom=&#8220;rgba(255,255,255,0.2)&#8220; locked=&#8220;off&#8220; global_colors_info=&#8220;{}&#8220; global_module=&#8220;72142&#8243; theme_builder_area=&#8220;post_content&#8220;][et_pb_row _builder_version=&#8220;4.20.4&#8243; _module_preset=&#8220;default&#8220; global_colors_info=&#8220;{}&#8220; theme_builder_area=&#8220;post_content&#8220;][et_pb_column type=&#8220;4_4&#8243; _builder_version=&#8220;4.20.4&#8243; _module_preset=&#8220;default&#8220; global_colors_info=&#8220;{}&#8220; theme_builder_area=&#8220;post_content&#8220;][dsm_typing_effect before_typing_effect=&#8220;KONTAKTIEREN SIE UNS UND LASSEN SIE UNS LOSLEGEN&#8220; typing_effect=&#8220;IHR PROJEKT&#8220; before_new_line=&#8220;on&#8220; typing_cursor_color=&#8220;#A57234&#8243; typing_background_color=&#8220;RGBA(255,255,255,0)&#8220; before_typing_background_color=&#8220;RGBA(255,255,255,0)&#8220; after_typing_background_color=&#8220;#A57234&#8243; _builder_version=&#8220;4.20.4&#8243; _module_preset=&#8220;default&#8220; header_level=&#8220;h2&#8243; header_font=&#8220;Krona One||||||||&#8220; header_text_color=&#8220;#FFFFFF&#8220; header_font_size=&#8220;28px&#8220; header_line_height=&#8220;1.2em&#8220; typing_text_color=&#8220;#A57234&#8243; width=&#8220;720px&#8220; width_tablet=&#8220;720px&#8220; width_phone=&#8220;320px&#8220; width_last_edited=&#8220;on|phone&#8220; header_font_size_tablet=&#8220;28px&#8220; header_font_size_phone=&#8220;24px&#8220; header_font_size_last_edited=&#8220;on|phone&#8220; global_colors_info=&#8220;{}&#8220; theme_builder_area=&#8220;post_content&#8220;][\/dsm_typing_effect][et_pb_button button_url=&#8220;https:\/\/fullment.es\/de\/kontakt\/&#8220; button_text=&#8220;SPRECHEN WIR?&#8220; button_alignment=&#8220;left&#8220; _builder_version=&#8220;4.20.4&#8243; _module_preset=&#8220;default&#8220; custom_button=&#8220;on&#8220; button_text_size=&#8220;16px&#8220; button_text_color=&#8220;#FFFFFF&#8220; button_bg_color=&#8220;#A57234&#8243; button_border_color=&#8220;#003349&#8243; button_border_radius=&#8220;0px&#8220; button_font=&#8220;Krona One||||||||&#8220; button_icon=&#8220;&#x26;||divi||400&#8243; button_icon_color=&#8220;#FFFFFF&#8220; button_on_hover=&#8220;off&#8220; custom_padding=&#8220;18px|50px|18px|40px|false|false&#8220; global_colors_info=&#8220;{}&#8220; button_letter_spacing__hover_enabled=&#8220;on|hover&#8220; button_letter_spacing__hover=&#8220;2px&#8220; theme_builder_area=&#8220;post_content&#8220;][\/et_pb_button][\/et_pb_column][\/et_pb_row][\/et_pb_section][et_pb_section fb_built=&#8220;1&#8243; admin_label=&#8220;Pie de p\u00e1gina corportaivo&#8220; _builder_version=&#8220;4.20.4&#8243; _module_preset=&#8220;default&#8220; background_color=&#8220;#003349&#8243; saved_tabs=&#8220;all&#8220; locked=&#8220;off&#8220; collapsed=&#8220;on&#8220; global_colors_info=&#8220;{}&#8220; global_module=&#8220;72131&#8243; theme_builder_area=&#8220;post_content&#8220;][et_pb_row column_structure=&#8220;1_5,3_5,1_5&#8243; _builder_version=&#8220;4.20.4&#8243; _module_preset=&#8220;default&#8220; custom_css_main_element=&#8220;display: flex;||align-items: center;&#8220; global_colors_info=&#8220;{}&#8220; custom_css_main_element_last_edited=&#8220;on|phone&#8220; custom_css_main_element_tablet=&#8220;display: inherit;||align-items: inherit;&#8220; custom_css_main_element_phone=&#8220;display: inherit;||align-items: inherit;&#8220; theme_builder_area=&#8220;post_content&#8220;][et_pb_column type=&#8220;1_5&#8243; _builder_version=&#8220;4.20.4&#8243; _module_preset=&#8220;default&#8220; global_colors_info=&#8220;{}&#8220; theme_builder_area=&#8220;post_content&#8220;][et_pb_image src=&#8220;https:\/\/fullment.es\/wp-content\/uploads\/2023\/07\/Logo_PiePagina_Fullment.png&#8220; alt=&#8220;FULLMENT, Architekturprojektmanagement.&#8220; title_text=&#8220;FULLMENT, Architekturprojektmanagement.&#8220; url=&#8220;https:\/\/fullment.es\/de\/&#8220; _builder_version=&#8220;4.20.4&#8243; _module_preset=&#8220;default&#8220; custom_margin=&#8220;||20px||false|false&#8220; global_colors_info=&#8220;{}&#8220; theme_builder_area=&#8220;post_content&#8220;][\/et_pb_image][et_pb_text _builder_version=&#8220;4.20.4&#8243; _module_preset=&#8220;default&#8220; text_font=&#8220;gill-sans||||||||&#8220; text_text_color=&#8220;#FFFFFF&#8220; text_font_size=&#8220;16px&#8220; text_line_height=&#8220;1.2em&#8220; global_colors_info=&#8220;{}&#8220; theme_builder_area=&#8220;post_content&#8220;]<\/p>\n<p><span style=\"font-weight: 400;\">B\u00fcro f\u00fcr rentables Architekturprojektmanagement f\u00fcr Unternehmen und Privatpersonen auf Mallorca.<\/span><\/p>\n<p>[\/et_pb_text][\/et_pb_column][et_pb_column type=&#8220;3_5&#8243; _builder_version=&#8220;4.20.4&#8243; _module_preset=&#8220;default&#8220; global_colors_info=&#8220;{}&#8220; theme_builder_area=&#8220;post_content&#8220;][et_pb_text _builder_version=&#8220;4.20.4&#8243; _module_preset=&#8220;default&#8220; header_3_font=&#8220;Krona One||||||||&#8220; header_3_text_color=&#8220;#FFFFFF&#8220; header_3_font_size=&#8220;16px&#8220; global_colors_info=&#8220;{}&#8220; header_3_text_color__hover_enabled=&#8220;on|hover&#8220; header_3_text_color__hover=&#8220;#a57234&#8243; theme_builder_area=&#8220;post_content&#8220;]<\/p>\n<h3 style=\"text-align: center;\"><\/h3>\n<h3 style=\"text-align: center;\"><a href=\"https:\/\/fullment.es\/de\/\">STARTSEITE<\/a><\/h3>\n<h3 style=\"text-align: center;\"><a href=\"https:\/\/fullment.es\/de\/projekte\/\">PROJEKTE<\/a><\/h3>\n<h3 style=\"text-align: center;\"><a href=\"https:\/\/fullment.es\/de\/dienstleistungen\/\">DIENSTLEISTUNGEN<\/a><\/h3>\n<h3 style=\"text-align: center;\"><a href=\"https:\/\/fullment.es\/de\/buro\">B\u00dcRO<\/a><\/h3>\n<h3 style=\"text-align: center;\"><a href=\"https:\/\/fullment.es\/de\/kontakt\">KONTAKT<\/a><\/h3>\n<p>[\/et_pb_text][\/et_pb_column][et_pb_column type=&#8220;1_5&#8243; _builder_version=&#8220;4.20.4&#8243; _module_preset=&#8220;default&#8220; global_colors_info=&#8220;{}&#8220; theme_builder_area=&#8220;post_content&#8220;][et_pb_text content_tablet=&#8220;<\/p>\n<p style=%22text-align: right;%22><a href=%22#%22>Aviso Legal<\/a><br \/><a href=%22#%22>Pol\u00edtica de Cookies<\/a><br \/><a href=%22#%22>Pol\u00edtica de Privacidad<\/a><\/p>\n<p>&#8220; content_phone=&#8220;<\/p>\n<p style=%22text-align: center;%22><a href=%22#%22>Aviso Legal<\/a><br \/><a href=%22#%22>Pol\u00edtica de Cookies<\/a><br \/><a href=%22#%22>Pol\u00edtica de Privacidad<\/a><\/p>\n<p>&#8220; content_last_edited=&#8220;off|desktop&#8220; _builder_version=&#8220;4.20.4&#8243; _module_preset=&#8220;default&#8220; text_font=&#8220;Aclonica||||||||&#8220; text_text_color=&#8220;#FFFFFF&#8220; text_line_height=&#8220;1.4em&#8220; link_font=&#8220;Krona One||||||||&#8220; link_text_color=&#8220;#FFFFFF&#8220; header_3_font=&#8220;Lato||||||||&#8220; header_3_text_color=&#8220;#FFFFFF&#8220; header_3_font_size=&#8220;18px&#8220; link_option_url=&#8220;#&#8220; hover_enabled=&#8220;0&#8243; text_orientation_tablet=&#8220;&#8220; text_orientation_phone=&#8220;center&#8220; text_orientation_last_edited=&#8220;on|phone&#8220; global_colors_info=&#8220;{}&#8220; header_3_text_color__hover_enabled=&#8220;on|hover&#8220; header_3_text_color__hover=&#8220;#a57234&#8243; link_text_color__hover_enabled=&#8220;on|desktop&#8220; link_text_color__hover=&#8220;#A57234&#8243; theme_builder_area=&#8220;post_content&#8220; sticky_enabled=&#8220;0&#8243;]<\/p>\n<p style=\"text-align: right;\"><a href=\"https:\/\/fullment.es\/de\/rechtliche-warnung\/\">Rechtlicher Hinweis<\/a><br \/><a href=\"https:\/\/fullment.es\/de\/cookie-richtlinie\/\">Cookie-Richtlinie<\/a><br \/><a href=\"https:\/\/fullment.es\/de\/datenschutzrichtlinie\/\">Datenschutzrichtlinie<\/a><\/p>\n<p>[\/et_pb_text][\/et_pb_column][\/et_pb_row][\/et_pb_section]<\/p>\n","protected":false},"excerpt":{"rendered":"<p>LegalRECHTLICHER HINWEISBitte lesen Sie unsere &#8222;RECHTLICHEN HINWEISE&#8220; sorgf\u00e4ltig durch, damit Sie eine bessere Benutzererfahrung haben. Geistiges und gewerbliches Eigentum Das Design des Portals und seine Quellcodes sowie die darin erscheinenden Logos, Marken und anderen Unterscheidungszeichen sind Eigentum von (GESTI\u00d3N DE PROYECTOS FULLMENT SL) und sind durch die entsprechenden geistigen und gewerblichen Eigentumsrechte gesch\u00fctzt. Inhaltliche Verantwortung [&hellip;]<\/p>\n","protected":false},"author":1,"featured_media":0,"parent":0,"menu_order":0,"comment_status":"closed","ping_status":"closed","template":"","meta":{"_et_pb_use_builder":"on","_et_pb_old_content":"","_et_gb_content_width":"","footnotes":""},"class_list":["post-71992","page","type-page","status-publish","hentry"],"yoast_head":"<!-- This site is optimized with the Yoast SEO plugin v27.4 - https:\/\/yoast.com\/product\/yoast-seo-wordpress\/ -->\n<title>Rechtliche Warnung - FULLMENT<\/title>\n<meta name=\"robots\" content=\"noindex, nofollow\" \/>\n<meta property=\"og:locale\" content=\"de_DE\" \/>\n<meta property=\"og:type\" content=\"article\" \/>\n<meta property=\"og:title\" content=\"Rechtliche Warnung - FULLMENT\" \/>\n<meta property=\"og:description\" content=\"LegalRECHTLICHER HINWEISBitte lesen Sie unsere &quot;RECHTLICHEN HINWEISE&quot; sorgf\u00e4ltig durch, damit Sie eine bessere Benutzererfahrung haben. Geistiges und gewerbliches Eigentum Das Design des Portals und seine Quellcodes sowie die darin erscheinenden Logos, Marken und anderen Unterscheidungszeichen sind Eigentum von (GESTI\u00d3N DE PROYECTOS FULLMENT SL) und sind durch die entsprechenden geistigen und gewerblichen Eigentumsrechte gesch\u00fctzt. Inhaltliche Verantwortung [&hellip;]\" \/>\n<meta property=\"og:url\" content=\"https:\/\/fullment.es\/de\/rechtliche-warnung\/\" \/>\n<meta property=\"og:site_name\" content=\"FULLMENT\" \/>\n<meta property=\"article:modified_time\" content=\"2023-10-25T09:22:50+00:00\" \/>\n<meta name=\"twitter:card\" content=\"summary_large_image\" \/>\n<meta name=\"twitter:label1\" content=\"Gesch\u00e4tzte Lesezeit\" \/>\n\t<meta name=\"twitter:data1\" content=\"10\u00a0Minuten\" \/>\n<script type=\"application\/ld+json\" class=\"yoast-schema-graph\">{\"@context\":\"https:\\\/\\\/schema.org\",\"@graph\":[{\"@type\":\"WebPage\",\"@id\":\"https:\\\/\\\/fullment.es\\\/de\\\/rechtliche-warnung\\\/\",\"url\":\"https:\\\/\\\/fullment.es\\\/de\\\/rechtliche-warnung\\\/\",\"name\":\"Rechtliche Warnung - FULLMENT\",\"isPartOf\":{\"@id\":\"https:\\\/\\\/fullment.es\\\/de\\\/#website\"},\"datePublished\":\"2023-07-06T12:38:36+00:00\",\"dateModified\":\"2023-10-25T09:22:50+00:00\",\"breadcrumb\":{\"@id\":\"https:\\\/\\\/fullment.es\\\/de\\\/rechtliche-warnung\\\/#breadcrumb\"},\"inLanguage\":\"de\",\"potentialAction\":[{\"@type\":\"ReadAction\",\"target\":[\"https:\\\/\\\/fullment.es\\\/de\\\/rechtliche-warnung\\\/\"]}]},{\"@type\":\"BreadcrumbList\",\"@id\":\"https:\\\/\\\/fullment.es\\\/de\\\/rechtliche-warnung\\\/#breadcrumb\",\"itemListElement\":[{\"@type\":\"ListItem\",\"position\":1,\"name\":\"Portada\",\"item\":\"https:\\\/\\\/fullment.es\\\/de\\\/\"},{\"@type\":\"ListItem\",\"position\":2,\"name\":\"Rechtliche Warnung\"}]},{\"@type\":\"WebSite\",\"@id\":\"https:\\\/\\\/fullment.es\\\/de\\\/#website\",\"url\":\"https:\\\/\\\/fullment.es\\\/de\\\/\",\"name\":\"FULLMENT\",\"description\":\"GESTI\u00d3N DE PROYECTOS ARQUITECT\u00d3NICOS\",\"potentialAction\":[{\"@type\":\"SearchAction\",\"target\":{\"@type\":\"EntryPoint\",\"urlTemplate\":\"https:\\\/\\\/fullment.es\\\/de\\\/?s={search_term_string}\"},\"query-input\":{\"@type\":\"PropertyValueSpecification\",\"valueRequired\":true,\"valueName\":\"search_term_string\"}}],\"inLanguage\":\"de\"}]}<\/script>\n<!-- \/ Yoast SEO plugin. -->","yoast_head_json":{"title":"Rechtliche Warnung - FULLMENT","robots":{"index":"noindex","follow":"nofollow"},"og_locale":"de_DE","og_type":"article","og_title":"Rechtliche Warnung - FULLMENT","og_description":"LegalRECHTLICHER HINWEISBitte lesen Sie unsere \"RECHTLICHEN HINWEISE\" sorgf\u00e4ltig durch, damit Sie eine bessere Benutzererfahrung haben. Geistiges und gewerbliches Eigentum Das Design des Portals und seine Quellcodes sowie die darin erscheinenden Logos, Marken und anderen Unterscheidungszeichen sind Eigentum von (GESTI\u00d3N DE PROYECTOS FULLMENT SL) und sind durch die entsprechenden geistigen und gewerblichen Eigentumsrechte gesch\u00fctzt. Inhaltliche Verantwortung [&hellip;]","og_url":"https:\/\/fullment.es\/de\/rechtliche-warnung\/","og_site_name":"FULLMENT","article_modified_time":"2023-10-25T09:22:50+00:00","twitter_card":"summary_large_image","twitter_misc":{"Gesch\u00e4tzte Lesezeit":"10\u00a0Minuten"},"schema":{"@context":"https:\/\/schema.org","@graph":[{"@type":"WebPage","@id":"https:\/\/fullment.es\/de\/rechtliche-warnung\/","url":"https:\/\/fullment.es\/de\/rechtliche-warnung\/","name":"Rechtliche Warnung - FULLMENT","isPartOf":{"@id":"https:\/\/fullment.es\/de\/#website"},"datePublished":"2023-07-06T12:38:36+00:00","dateModified":"2023-10-25T09:22:50+00:00","breadcrumb":{"@id":"https:\/\/fullment.es\/de\/rechtliche-warnung\/#breadcrumb"},"inLanguage":"de","potentialAction":[{"@type":"ReadAction","target":["https:\/\/fullment.es\/de\/rechtliche-warnung\/"]}]},{"@type":"BreadcrumbList","@id":"https:\/\/fullment.es\/de\/rechtliche-warnung\/#breadcrumb","itemListElement":[{"@type":"ListItem","position":1,"name":"Portada","item":"https:\/\/fullment.es\/de\/"},{"@type":"ListItem","position":2,"name":"Rechtliche Warnung"}]},{"@type":"WebSite","@id":"https:\/\/fullment.es\/de\/#website","url":"https:\/\/fullment.es\/de\/","name":"FULLMENT","description":"GESTI\u00d3N DE PROYECTOS ARQUITECT\u00d3NICOS","potentialAction":[{"@type":"SearchAction","target":{"@type":"EntryPoint","urlTemplate":"https:\/\/fullment.es\/de\/?s={search_term_string}"},"query-input":{"@type":"PropertyValueSpecification","valueRequired":true,"valueName":"search_term_string"}}],"inLanguage":"de"}]}},"_links":{"self":[{"href":"https:\/\/fullment.es\/de\/wp-json\/wp\/v2\/pages\/71992","targetHints":{"allow":["GET"]}}],"collection":[{"href":"https:\/\/fullment.es\/de\/wp-json\/wp\/v2\/pages"}],"about":[{"href":"https:\/\/fullment.es\/de\/wp-json\/wp\/v2\/types\/page"}],"author":[{"embeddable":true,"href":"https:\/\/fullment.es\/de\/wp-json\/wp\/v2\/users\/1"}],"replies":[{"embeddable":true,"href":"https:\/\/fullment.es\/de\/wp-json\/wp\/v2\/comments?post=71992"}],"version-history":[{"count":4,"href":"https:\/\/fullment.es\/de\/wp-json\/wp\/v2\/pages\/71992\/revisions"}],"predecessor-version":[{"id":72155,"href":"https:\/\/fullment.es\/de\/wp-json\/wp\/v2\/pages\/71992\/revisions\/72155"}],"wp:attachment":[{"href":"https:\/\/fullment.es\/de\/wp-json\/wp\/v2\/media?parent=71992"}],"curies":[{"name":"wp","href":"https:\/\/api.w.org\/{rel}","templated":true}]}}